{"id":234,"date":"2024-08-29T01:32:28","date_gmt":"2024-08-29T01:32:28","guid":{"rendered":"https:\/\/darwitho11.sg-host.com\/?page_id=234"},"modified":"2025-01-29T18:41:24","modified_gmt":"2025-01-29T18:41:24","slug":"sobre-nosotros","status":"publish","type":"page","link":"https:\/\/round13.online\/en\/sobre-nosotros\/","title":{"rendered":"Sobre nosotros"},"content":{"rendered":"<div data-elementor-type=\"wp-page\" data-elementor-id=\"234\" class=\"elementor elementor-234\" data-elementor-settings=\"{&quot;ha_cmc_init_switcher&quot;:&quot;no&quot;}\" data-elementor-post-type=\"page\">\n\t\t\t\t\t\t<section class=\"elementor-section elementor-top-section elementor-element elementor-element-5f988572 elementor-section-content-middle elementor-section-boxed elementor-section-height-default elementor-section-height-default wpr-particle-no wpr-jarallax-no wpr-parallax-no wpr-sticky-section-no\" data-id=\"5f988572\" data-element_type=\"section\" data-settings=\"{&quot;_ha_eqh_enable&quot;:false}\">\n\t\t\t\t\t\t<div class=\"elementor-container elementor-column-gap-wider\">\n\t\t\t\t\t<div class=\"elementor-column elementor-col-33 elementor-top-column elementor-element elementor-element-60b2cd3\" data-id=\"60b2cd3\" data-element_type=\"column\">\n\t\t\t<div class=\"elementor-widget-wrap elementor-element-populated\">\n\t\t\t\t\t\t<div class=\"elementor-element elementor-element-2f27c351 elementor-widget elementor-widget-heading\" data-id=\"2f27c351\" data-element_type=\"widget\" data-widget_type=\"heading.default\">\n\t\t\t\t<div class=\"elementor-widget-container\">\n\t\t\t\t\t<h2 class=\"elementor-heading-title elementor-size-default\">En Round 13 S.A.S amamos ense\u00f1ar.<\/h2>\t\t\t\t<\/div>\n\t\t\t\t<\/div>\n\t\t\t\t\t<\/div>\n\t\t<\/div>\n\t\t\t\t<div class=\"elementor-column elementor-col-33 elementor-top-column elementor-element elementor-element-6add8ac4\" data-id=\"6add8ac4\" data-element_type=\"column\">\n\t\t\t<div class=\"elementor-widget-wrap elementor-element-populated\">\n\t\t\t\t\t\t<div class=\"elementor-element elementor-element-2c8ef09f elementor-widget elementor-widget-image\" data-id=\"2c8ef09f\" data-element_type=\"widget\" data-widget_type=\"image.default\">\n\t\t\t\t<div class=\"elementor-widget-container\">\n\t\t\t\t\t\t\t\t\t\t\t\t\t\t\t<img fetchpriority=\"high\" decoding=\"async\" width=\"522\" height=\"722\" src=\"data:image\/gif;base64,R0lGODlhAQABAIAAAAAAAP\/\/\/yH5BAEAAAAALAAAAAABAAEAAAIBRAA7\" data-src=\"https:\/\/round13.online\/wp-content\/uploads\/2024\/09\/Quienes-somos-1.png\" class=\"attachment-large size-large wp-image-365 lazyload\" alt=\"\" data-srcset=\"https:\/\/round13.online\/wp-content\/uploads\/2024\/09\/Quienes-somos-1.png 522w, https:\/\/round13.online\/wp-content\/uploads\/2024\/09\/Quienes-somos-1-217x300.png 217w\" sizes=\"(max-width: 522px) 100vw, 522px\" \/><noscript><img decoding=\"async\" width=\"522\" height=\"722\" src=\"https:\/\/round13.online\/wp-content\/uploads\/2024\/09\/Quienes-somos-1.png\" class=\"attachment-large size-large wp-image-365 lazyload\" alt=\"\" srcset=\"https:\/\/round13.online\/wp-content\/uploads\/2024\/09\/Quienes-somos-1.png 522w, https:\/\/round13.online\/wp-content\/uploads\/2024\/09\/Quienes-somos-1-217x300.png 217w\" sizes=\"(max-width: 522px) 100vw, 522px\" \/><\/noscript>\t\t\t\t\t\t\t\t\t\t\t\t\t\t\t<\/div>\n\t\t\t\t<\/div>\n\t\t\t\t\t<\/div>\n\t\t<\/div>\n\t\t\t\t<div class=\"elementor-column elementor-col-33 elementor-top-column elementor-element elementor-element-3d22f7ac\" data-id=\"3d22f7ac\" data-element_type=\"column\">\n\t\t\t<div class=\"elementor-widget-wrap elementor-element-populated\">\n\t\t\t\t\t\t<div class=\"elementor-element elementor-element-29966872 elementor-widget elementor-widget-text-editor\" data-id=\"29966872\" data-element_type=\"widget\" data-widget_type=\"text-editor.default\">\n\t\t\t\t<div class=\"elementor-widget-container\">\n\t\t\t\t\t\t\t\t\t<p>Tenemos una metodolog\u00eda enfocada en clases de t\u00e9cnicas de boxeo y entrenamiento funcional con una duraci\u00f3n de 1 hora.<br \/>Nuestros entrenamientos est\u00e1n dirigidos para todo el p\u00fablico,<br \/>desde personas que no tienen un alto nivel de actividad<br \/>f\u00edsica, hasta personas con nivel avanzado.<br \/>Tenemos un staff conformado por expertos en la disciplina, con altos est\u00e1ndares educativos y una amplia experiencia dentro de las distintas modalidades de nuestros entrenamientos personalizados y semipersonalizados.<\/p>\t\t\t\t\t\t\t\t<\/div>\n\t\t\t\t<\/div>\n\t\t\t\t\t<\/div>\n\t\t<\/div>\n\t\t\t\t\t<\/div>\n\t\t<\/section>\n\t\t\t\t<\/div>","protected":false},"excerpt":{"rendered":"<p>En Round 13 S.A.S amamos ense\u00f1ar. Tenemos una metodolog\u00eda enfocada en clases de t\u00e9cnicas de boxeo y entrenamiento funcional con una duraci\u00f3n de 1 hora.Nuestros entrenamientos est\u00e1n dirigidos para todo el p\u00fablico,desde personas que no tienen un alto nivel de actividadf\u00edsica, hasta personas con nivel avanzado.Tenemos un staff conformado por expertos en la disciplina, con altos est\u00e1ndares educativos y una amplia experiencia dentro de las distintas modalidades de nuestros entrenamientos personalizados y semipersonalizados.<\/p>","protected":false},"author":1,"featured_media":0,"parent":0,"menu_order":0,"comment_status":"closed","ping_status":"closed","template":"","meta":{"_uag_custom_page_level_css":"","site-sidebar-layout":"no-sidebar","site-content-layout":"","ast-site-content-layout":"full-width-container","site-content-style":"default","site-sidebar-style":"default","ast-global-header-display":"","ast-banner-title-visibility":"","ast-main-header-display":"","ast-hfb-above-header-display":"","ast-hfb-below-header-display":"","ast-hfb-mobile-header-display":"","site-post-title":"disabled","ast-breadcrumbs-content":"","ast-featured-img":"disabled","footer-sml-layout":"","ast-disable-related-posts":"","theme-transparent-header-meta":"","adv-header-id-meta":"","stick-header-meta":"","header-above-stick-meta":"","header-main-stick-meta":"","header-below-stick-meta":"","astra-migrate-meta-layouts":"default","ast-page-background-enabled":"default","ast-page-background-meta":{"desktop":{"background-color":"var(--ast-global-color-4)","background-image":"","background-repeat":"repeat","background-position":"center center","background-size":"auto","background-attachment":"scroll","background-type":"","background-media":"","overlay-type":"","overlay-color":"","overlay-opacity":"","overlay-gradient":""},"tablet":{"background-color":"","background-image":"","background-repeat":"repeat","background-position":"center center","background-size":"auto","background-attachment":"scroll","background-type":"","background-media":"","overlay-type":"","overlay-color":"","overlay-opacity":"","overlay-gradient":""},"mobile":{"background-color":"","background-image":"","background-repeat":"repeat","background-position":"center center","background-size":"auto","background-attachment":"scroll","background-type":"","background-media":"","overlay-type":"","overlay-color":"","overlay-opacity":"","overlay-gradient":""}},"ast-content-background-meta":{"desktop":{"background-color":"var(--ast-global-color-5)","background-image":"","background-repeat":"repeat","background-position":"center center","background-size":"auto","background-attachment":"scroll","background-type":"","background-media":"","overlay-type":"","overlay-color":"","overlay-opacity":"","overlay-gradient":""},"tablet":{"background-color":"var(--ast-global-color-5)","background-image":"","background-repeat":"repeat","background-position":"center center","background-size":"auto","background-attachment":"scroll","background-type":"","background-media":"","overlay-type":"","overlay-color":"","overlay-opacity":"","overlay-gradient":""},"mobile":{"background-color":"var(--ast-global-color-5)","background-image":"","background-repeat":"repeat","background-position":"center center","background-size":"auto","background-attachment":"scroll","background-type":"","background-media":"","overlay-type":"","overlay-color":"","overlay-opacity":"","overlay-gradient":""}},"footnotes":""},"class_list":["post-234","page","type-page","status-publish","hentry"],"uagb_featured_image_src":{"full":false,"thumbnail":false,"medium":false,"medium_large":false,"large":false,"1536x1536":false,"2048x2048":false,"trp-custom-language-flag":false,"woocommerce_thumbnail":false,"woocommerce_single":false,"woocommerce_gallery_thumbnail":false,"variation_swatches_image_size":false,"variation_swatches_tooltip_size":false,"quick_view_image_size":false},"uagb_author_info":{"display_name":"Darwith","author_link":"https:\/\/round13.online\/en\/author\/darwith92gmail-com\/"},"uagb_comment_info":0,"uagb_excerpt":"En Round 13 S.A.S amamos ense\u00f1ar. Tenemos una metodolog\u00eda enfocada en clases de t\u00e9cnicas de boxeo y entrenamiento funcional con una duraci\u00f3n de 1 hora.Nuestros entrenamientos est\u00e1n dirigidos para todo el p\u00fablico,desde personas que no tienen un alto nivel de actividadf\u00edsica, hasta personas con nivel avanzado.Tenemos un staff conformado por expertos en la disciplina, con&hellip;","jetpack_sharing_enabled":true,"_links":{"self":[{"href":"https:\/\/round13.online\/en\/wp-json\/wp\/v2\/pages\/234","targetHints":{"allow":["GET"]}}],"collection":[{"href":"https:\/\/round13.online\/en\/wp-json\/wp\/v2\/pages"}],"about":[{"href":"https:\/\/round13.online\/en\/wp-json\/wp\/v2\/types\/page"}],"author":[{"embeddable":true,"href":"https:\/\/round13.online\/en\/wp-json\/wp\/v2\/users\/1"}],"replies":[{"embeddable":true,"href":"https:\/\/round13.online\/en\/wp-json\/wp\/v2\/comments?post=234"}],"version-history":[{"count":10,"href":"https:\/\/round13.online\/en\/wp-json\/wp\/v2\/pages\/234\/revisions"}],"predecessor-version":[{"id":673,"href":"https:\/\/round13.online\/en\/wp-json\/wp\/v2\/pages\/234\/revisions\/673"}],"wp:attachment":[{"href":"https:\/\/round13.online\/en\/wp-json\/wp\/v2\/media?parent=234"}],"curies":[{"name":"wp","href":"https:\/\/api.w.org\/{rel}","templated":true}]}}