{"id":689,"date":"2025-02-05T02:05:40","date_gmt":"2025-02-05T02:05:40","guid":{"rendered":"https:\/\/round13.online\/?page_id=689"},"modified":"2025-02-05T02:38:01","modified_gmt":"2025-02-05T02:38:01","slug":"academia","status":"publish","type":"page","link":"https:\/\/round13.online\/en\/academia\/","title":{"rendered":"Academia"},"content":{"rendered":"<div data-elementor-type=\"wp-page\" data-elementor-id=\"689\" class=\"elementor elementor-689\" data-elementor-settings=\"{&quot;ha_cmc_init_switcher&quot;:&quot;no&quot;}\" data-elementor-post-type=\"page\">\n\t\t\t\t<div class=\"elementor-element elementor-element-e02f2f2 e-flex e-con-boxed wpr-particle-no wpr-jarallax-no wpr-parallax-no wpr-sticky-section-no e-con e-parent\" data-id=\"e02f2f2\" data-element_type=\"container\" data-settings=\"{&quot;_ha_eqh_enable&quot;:false}\">\n\t\t\t\t\t<div class=\"e-con-inner\">\n\t\t\t\t<div class=\"elementor-element elementor-element-9d11878 eael-fg-hoverer-content-align-left elementor-widget elementor-widget-eael-filterable-gallery\" data-id=\"9d11878\" data-element_type=\"widget\" data-settings=\"{&quot;photo_gallery&quot;:&quot;yes&quot;,&quot;pagination&quot;:&quot;false&quot;}\" data-widget_type=\"eael-filterable-gallery.default\">\n\t\t\t\t<div class=\"elementor-widget-container\">\n\t\t\t\t\t<style id=\"eael-fg-inline-css-9d11878\">@media only screen and (max-width: 2399px) {\n\t\t\t\t\t.elementor-element.elementor-element-9d11878 .eael-filterable-gallery-item-wrap {\n\t\t\t\t\t        width: 33.333333333333%;\n\t\t\t\t\t    }\n\t\t\t\t\t}@media only screen and (max-width: 1024px) {\n\t\t\t\t\t.elementor-element.elementor-element-9d11878  .eael-filterable-gallery-item-wrap {\n\t\t\t\t\t        width: 50%;\n\t\t\t\t\t    }\n\t\t\t\t\t}@media only screen and (max-width: 767px) {\n\t\t\t\t\t.elementor-element.elementor-element-9d11878  .eael-filterable-gallery-item-wrap {\n\t\t\t\t\t        width: 100%;\n\t\t\t\t\t    }\n\t\t\t\t\t}<\/style>        <div id=\"eael-filter-gallery-wrapper-9d11878\" class=\"eael-filter-gallery-wrapper\" data-layout-mode=\"hoverer\" data-breakpoints=\"{&quot;mobile&quot;:{&quot;label&quot;:&quot;M\\u00f3vil vertical&quot;,&quot;value&quot;:767,&quot;default_value&quot;:767,&quot;direction&quot;:&quot;max&quot;,&quot;is_enabled&quot;:true},&quot;mobile_extra&quot;:{&quot;label&quot;:&quot;M\\u00f3vil horizontal&quot;,&quot;value&quot;:880,&quot;default_value&quot;:880,&quot;direction&quot;:&quot;max&quot;,&quot;is_enabled&quot;:false},&quot;tablet&quot;:{&quot;label&quot;:&quot;Tableta vertical&quot;,&quot;value&quot;:1024,&quot;default_value&quot;:1024,&quot;direction&quot;:&quot;max&quot;,&quot;is_enabled&quot;:true},&quot;tablet_extra&quot;:{&quot;label&quot;:&quot;Tableta horizontal&quot;,&quot;value&quot;:1200,&quot;default_value&quot;:1200,&quot;direction&quot;:&quot;max&quot;,&quot;is_enabled&quot;:false},&quot;laptop&quot;:{&quot;label&quot;:&quot;Port\\u00e1til&quot;,&quot;value&quot;:1366,&quot;default_value&quot;:1366,&quot;direction&quot;:&quot;max&quot;,&quot;is_enabled&quot;:false},&quot;widescreen&quot;:{&quot;label&quot;:&quot;Pantalla grande&quot;,&quot;value&quot;:2400,&quot;default_value&quot;:2400,&quot;direction&quot;:&quot;min&quot;,&quot;is_enabled&quot;:false}}\" data-default_control_key=\"0\" data-custom_default_control=\"\">\n                        <div class=\"eael-filter-gallery-control\">\n                <ul><li data-load-more-status=\"0\" data-first-init=\"1\" class=\"control all-control  active\" data-filter=\"*\">Todo<\/li><li  data-load-more-status=\"0\" data-first-init=\"0\"\n                        class=\"control\" data-filter=\".eael-cf-\"><\/li><\/ul>\n            <\/div>\n                    <div class=\"eael-filter-gallery-container eael-filter-gallery-grid\" data-images-per-page=\"\" data-total-gallery-items=\"5\" data-nomore-item-text=\"\" data-is-randomize=\"no\" data-settings=\"{&quot;grid_style&quot;:&quot;grid&quot;,&quot;popup&quot;:&quot;buttons&quot;,&quot;duration&quot;:500,&quot;gallery_enabled&quot;:&quot;yes&quot;,&quot;video_gallery_yt_privacy&quot;:&quot;&quot;,&quot;control_all_text&quot;:&quot;Todo&quot;,&quot;post_id&quot;:689,&quot;widget_id&quot;:&quot;9d11878&quot;}\" data-search-all=\"\" data-gallery-items=\"WyI8ZGl2IGNsYXNzPVwiZWFlbC1maWx0ZXJhYmxlLWdhbGxlcnktaXRlbS13cmFwXCI+XG5cdFx0XHRcdDxkaXYgY2xhc3M9XCJlYWVsLWdhbGxlcnktZ3JpZC1pdGVtXCI+PGRpdiBjbGFzcz1cImdhbGxlcnktaXRlbS10aHVtYm5haWwtd3JhcFwiPjxpbWcgc3JjPVwiaHR0cHM6XC9cL3JvdW5kMTMub25saW5lXC93cC1jb250ZW50XC91cGxvYWRzXC8yMDI1XC8wMlwvUmV0bzMwLndlYnBcIiBkYXRhLWxhenktc3JjPVwiaHR0cHM6XC9cL3JvdW5kMTMub25saW5lXC93cC1jb250ZW50XC91cGxvYWRzXC8yMDI1XC8wMlwvUmV0bzMwLndlYnBcIiBhbHQ9XCJSZXRvIDMwIGRcdTAwZWRhc1wiIGNsYXNzPVwiZ2FsbGVyeS1pdGVtLXRodW1ibmFpbFwiPjxcL2Rpdj48ZGl2IGNsYXNzPVwiZ2FsbGVyeS1pdGVtLWNhcHRpb24td3JhcCBjYXB0aW9uLXN0eWxlLWhvdmVyZXIgZWFlbC1zbGlkZS11cFwiPjxkaXYgY2xhc3M9XCJnYWxsZXJ5LWl0ZW0taG92ZXJlci1iZ1wiPjxcL2Rpdj48ZGl2IGNsYXNzPVwiZ2FsbGVyeS1pdGVtLWNhcHRpb24tb3ZlclwiPjxoMiBjbGFzcz1cImZnLWl0ZW0tdGl0bGVcIj5SZXRvIDMwIGRcdTAwZWRhczxcL2gyPjxkaXYgY2xhc3M9XCJmZy1pdGVtLWNvbnRlbnRcIj48cD5EZXNjdWJyZSBlbCBwb2RlciBkZWwgYm94ZW8gZnVuY2lvbmFsIGNvbiB1biBwcm9ncmFtYSBkaXNlXHUwMGYxYWRvIHBhcmEgYXl1ZGFydGUgYSBxdWVtYXIgY2Fsb3JcdTAwZWRhcywgZ2FuYXIgZnVlcnphIHkgbWVqb3JhciB0dSBiaWVuZXN0YXIuPFwvcD5cbjxcL2Rpdj48ZGl2IGNsYXNzPVwiZ2FsbGVyeS1pdGVtLWJ1dHRvbnNcIj4gICAgICAgICAgICAgICAgPGEgaHJlZj1cImh0dHBzOlwvXC9ob3RtYXJ0LmNvbVwvZXNcL21hcmtldHBsYWNlXC9wcm9kdWN0b3NcL2hhZ3N4ZC1yZXRvLTMwLWRpYXMtcGFhajJcL1I5NzgzNTI2OE8\/c2NrPUhPVE1BUlRfU0lURSYjMDM4O3NlYXJjaD0wMGExZTJjYS1mYzEzLTRlMjctYWJlMi05MTAwY2ZmYzI4MDgmIzAzODtob3RmZWF0dXJlPTMzXCIgYXJpYS1sYWJlbD1cImVhZWwtaXRlbS1tYXliZS1saW5rXCI+IDxzcGFuIGNsYXNzPVwiZmctaXRlbS1pY29uLWlubmVyXCI+PGkgY2xhc3M9XCJmYXMgZmEtbGlua1wiIGFyaWEtaGlkZGVuPVwidHJ1ZVwiPjxcL2k+PFwvc3Bhbj48XC9hPjxcL2Rpdj48XC9kaXY+PFwvZGl2PjxcL2Rpdj48XC9kaXY+IiwiPGRpdiBjbGFzcz1cImVhZWwtZmlsdGVyYWJsZS1nYWxsZXJ5LWl0ZW0td3JhcFwiPlxuXHRcdFx0XHQ8ZGl2IGNsYXNzPVwiZWFlbC1nYWxsZXJ5LWdyaWQtaXRlbVwiPjxkaXYgY2xhc3M9XCJnYWxsZXJ5LWl0ZW0tdGh1bWJuYWlsLXdyYXBcIj48aW1nIHNyYz1cImh0dHBzOlwvXC9yb3VuZDEzLm9ubGluZVwvd3AtY29udGVudFwvdXBsb2Fkc1wvMjAyNVwvMDJcL1JFVE8xM0RBU0hPVE1BUlQud2VicFwiIGRhdGEtbGF6eS1zcmM9XCJodHRwczpcL1wvcm91bmQxMy5vbmxpbmVcL3dwLWNvbnRlbnRcL3VwbG9hZHNcLzIwMjVcLzAyXC9SRVRPMTNEQVNIT1RNQVJULndlYnBcIiBhbHQ9XCJSZXRvIDEzIGRcdTAwZWRhc1wiIGNsYXNzPVwiZ2FsbGVyeS1pdGVtLXRodW1ibmFpbFwiPjxcL2Rpdj48ZGl2IGNsYXNzPVwiZ2FsbGVyeS1pdGVtLWNhcHRpb24td3JhcCBjYXB0aW9uLXN0eWxlLWhvdmVyZXIgZWFlbC1zbGlkZS11cFwiPjxkaXYgY2xhc3M9XCJnYWxsZXJ5LWl0ZW0taG92ZXJlci1iZ1wiPjxcL2Rpdj48ZGl2IGNsYXNzPVwiZ2FsbGVyeS1pdGVtLWNhcHRpb24tb3ZlclwiPjxoMiBjbGFzcz1cImZnLWl0ZW0tdGl0bGVcIj5SZXRvIDEzIGRcdTAwZWRhczxcL2gyPjxkaXYgY2xhc3M9XCJmZy1pdGVtLWNvbnRlbnRcIj48cD4xMyBkXHUwMGVkYXMgaW50ZW5zb3MgcXVlIHRyYW5zZm9ybWFyXHUwMGUxbiB0dSBjdWVycG8gY29uIHJ1dGluYXMgZGUgYm94ZW8gZnVuY2lvbmFsIHV0aWxpemFuZG8gc29sbyB0dSBwcm9waW8gcGVzbyBjb3Jwb3JhbCwgSmhvbmF0YW4gbW9saW5hIGZ1bmRhZG9yIGRlIFJvdW5kIDEzIHNlclx1MDBlMSB0dSBlbnRyZWFuZG9yLjxcL3A+XG48XC9kaXY+PGRpdiBjbGFzcz1cImdhbGxlcnktaXRlbS1idXR0b25zXCI+ICAgICAgICAgICAgICAgIDxhIGhyZWY9XCJodHRwczpcL1wvaG90bWFydC5jb21cL2VzXC9tYXJrZXRwbGFjZVwvcHJvZHVjdG9zXC9yZXRvLTEzLWRpYXNcL0M3NzQwNzYxM0Q\/c2NrPUhPVE1BUlRfU0lURSYjMDM4O3NlYXJjaD0wMDIyMmFiNC02OWUwLTQyZDQtYTQxNy1lNTEzMjVlNWFkYjQmIzAzODtob3RmZWF0dXJlPTMzXCIgYXJpYS1sYWJlbD1cImVhZWwtaXRlbS1tYXliZS1saW5rXCI+IDxzcGFuIGNsYXNzPVwiZmctaXRlbS1pY29uLWlubmVyXCI+PGkgY2xhc3M9XCJmYXMgZmEtbGlua1wiIGFyaWEtaGlkZGVuPVwidHJ1ZVwiPjxcL2k+PFwvc3Bhbj48XC9hPjxcL2Rpdj48XC9kaXY+PFwvZGl2PjxcL2Rpdj48XC9kaXY+IiwiPGRpdiBjbGFzcz1cImVhZWwtZmlsdGVyYWJsZS1nYWxsZXJ5LWl0ZW0td3JhcFwiPlxuXHRcdFx0XHQ8ZGl2IGNsYXNzPVwiZWFlbC1nYWxsZXJ5LWdyaWQtaXRlbVwiPjxkaXYgY2xhc3M9XCJnYWxsZXJ5LWl0ZW0tdGh1bWJuYWlsLXdyYXBcIj48aW1nIHNyYz1cImh0dHBzOlwvXC9yb3VuZDEzLm9ubGluZVwvd3AtY29udGVudFwvdXBsb2Fkc1wvMjAyNVwvMDJcL0JveGVvZW5lbHNhY28ud2VicFwiIGRhdGEtbGF6eS1zcmM9XCJodHRwczpcL1wvcm91bmQxMy5vbmxpbmVcL3dwLWNvbnRlbnRcL3VwbG9hZHNcLzIwMjVcLzAyXC9Cb3hlb2VuZWxzYWNvLndlYnBcIiBhbHQ9XCJCb3hlbyBlbiBlbCBzYWNvIHBhcmEgcGVyZGVyIHBlc29cIiBjbGFzcz1cImdhbGxlcnktaXRlbS10aHVtYm5haWxcIj48XC9kaXY+PGRpdiBjbGFzcz1cImdhbGxlcnktaXRlbS1jYXB0aW9uLXdyYXAgY2FwdGlvbi1zdHlsZS1ob3ZlcmVyIGVhZWwtc2xpZGUtdXBcIj48ZGl2IGNsYXNzPVwiZ2FsbGVyeS1pdGVtLWhvdmVyZXItYmdcIj48XC9kaXY+PGRpdiBjbGFzcz1cImdhbGxlcnktaXRlbS1jYXB0aW9uLW92ZXJcIj48aDIgY2xhc3M9XCJmZy1pdGVtLXRpdGxlXCI+Qm94ZW8gZW4gZWwgc2FjbyBwYXJhIHBlcmRlciBwZXNvPFwvaDI+PGRpdiBjbGFzcz1cImZnLWl0ZW0tY29udGVudFwiPjxwPkxsZXZhIHR1IGVudHJlbmFtaWVudG8gYWwgc2lndWllbnRlIG5pdmVsIHkgcXVlbWEgZ3Jhc2EgbWllbnRyYXMgbWVqb3JhcyB0dSB0XHUwMGU5Y25pY2EgZW4gZWwgc2FjbyBkZSBib3hlby4gRXN0ZSBwcm9ncmFtYSBvbmxpbmUgdGUgZW5zZVx1MDBmMWFyXHUwMGUxIGRlc2RlIGNcdTAwZjNtbyBlbGVnaXIgZWwgc2FjbyBhZGVjdWFkbyBoYXN0YSBydXRpbmFzIGF2YW56YWRhcyBkZSBwXHUwMGU5cmRpZGEgZGUgcGVzbyB5IHJlc2lzdGVuY2lhLjxcL3A+XG48XC9kaXY+PGRpdiBjbGFzcz1cImdhbGxlcnktaXRlbS1idXR0b25zXCI+ICAgICAgICAgICAgICAgIDxhIGhyZWY9XCJodHRwczpcL1wvaG90bWFydC5jb21cL2VzXC9tYXJrZXRwbGFjZVwvcHJvZHVjdG9zXC9ib3hlby1lbi1lbC1zYWNvXC9NOTc4MzYxMDVFP3Njaz1IT1RNQVJUX1NJVEUmIzAzODtzZWFyY2g9MDAyMjJhYjQtNjllMC00MmQ0LWE0MTctZTUxMzI1ZTVhZGI0JiMwMzg7aG90ZmVhdHVyZT0zM1wiIGFyaWEtbGFiZWw9XCJlYWVsLWl0ZW0tbWF5YmUtbGlua1wiPiA8c3BhbiBjbGFzcz1cImZnLWl0ZW0taWNvbi1pbm5lclwiPjxpIGNsYXNzPVwiZmFzIGZhLWxpbmtcIiBhcmlhLWhpZGRlbj1cInRydWVcIj48XC9pPjxcL3NwYW4+PFwvYT48XC9kaXY+PFwvZGl2PjxcL2Rpdj48XC9kaXY+PFwvZGl2PiIsIjxkaXYgY2xhc3M9XCJlYWVsLWZpbHRlcmFibGUtZ2FsbGVyeS1pdGVtLXdyYXBcIj5cblx0XHRcdFx0PGRpdiBjbGFzcz1cImVhZWwtZ2FsbGVyeS1ncmlkLWl0ZW1cIj48ZGl2IGNsYXNzPVwiZ2FsbGVyeS1pdGVtLXRodW1ibmFpbC13cmFwXCI+PGltZyBzcmM9XCJodHRwczpcL1wvcm91bmQxMy5vbmxpbmVcL3dwLWNvbnRlbnRcL3VwbG9hZHNcLzIwMjVcLzAyXC9Mb2dvMzYwZnVsbGNvbG9yLndlYnBcIiBkYXRhLWxhenktc3JjPVwiaHR0cHM6XC9cL3JvdW5kMTMub25saW5lXC93cC1jb250ZW50XC91cGxvYWRzXC8yMDI1XC8wMlwvTG9nbzM2MGZ1bGxjb2xvci53ZWJwXCIgYWx0PVwiRXNwZWNpYWxpemFjaVx1MDBmM24gZW4gYm94ZW8gcGFyYSBlbnRyZW5hZG9yZXNcIiBjbGFzcz1cImdhbGxlcnktaXRlbS10aHVtYm5haWxcIj48XC9kaXY+PGRpdiBjbGFzcz1cImdhbGxlcnktaXRlbS1jYXB0aW9uLXdyYXAgY2FwdGlvbi1zdHlsZS1ob3ZlcmVyIGVhZWwtc2xpZGUtdXBcIj48ZGl2IGNsYXNzPVwiZ2FsbGVyeS1pdGVtLWhvdmVyZXItYmdcIj48XC9kaXY+PGRpdiBjbGFzcz1cImdhbGxlcnktaXRlbS1jYXB0aW9uLW92ZXJcIj48aDIgY2xhc3M9XCJmZy1pdGVtLXRpdGxlXCI+RXNwZWNpYWxpemFjaVx1MDBmM24gZW4gYm94ZW8gcGFyYSBlbnRyZW5hZG9yZXM8XC9oMj48ZGl2IGNsYXNzPVwiZmctaXRlbS1jb250ZW50XCI+PHA+RW4gYm94ZW8gMzYwXHUwMGIwIHZhcyBhIGFwcmVuZGVyIGRlc2RlIDAgeSBwYXNvIGEgcGFzbyBsYXMgYmFzZXMgZGVsIGJveGVvIHBhcmEgb2ZyZWNlciBydXRpbmFzIGlubm92YWRvcmFzIGEgdHUgdXN1YXJpb3MgeSBhc1x1MDBlZCBhdHJhZXIgbnVldm9zIGNsaWVudGVzLiBKaG9uYXRhbiBNb2xpbmEgZW50cmVuYWRvciBjb24gbVx1MDBlMXMgZGUgMTIgYVx1MDBmMW9zIGRlIGV4cGVyaWVuY2lhIHkgZnVuZGFkb3IgZGUgUm91bjEzIGxhIGNvbXVuaWRhZCBkZSBib3hlbyBtXHUwMGUxcyBncmFuZGUgZW4gQ29sb21iaWEsIHRlIGd1aWFyXHUwMGUxIGVuIGVsIHByb2Nlc28uPFwvcD5cbjxcL2Rpdj48ZGl2IGNsYXNzPVwiZ2FsbGVyeS1pdGVtLWJ1dHRvbnNcIj4gICAgICAgICAgICAgICAgPGEgaHJlZj1cImh0dHBzOlwvXC9ob3RtYXJ0LmNvbVwvZXNcL21hcmtldHBsYWNlXC9wcm9kdWN0b3NcL2VzcGVjaWFsaXphY2lvbi1lbi1ib3hlby1wYXJhLWVudHJlbmFkb3Jlcy1wZXJzb25hbGVzXC9YOTU3OTIyOTNPP3Njaz1IT1RNQVJUX1NJVEUmIzAzODtzZWFyY2g9MDAyMjJhYjQtNjllMC00MmQ0LWE0MTctZTUxMzI1ZTVhZGI0JiMwMzg7aG90ZmVhdHVyZT0zM1wiIGFyaWEtbGFiZWw9XCJlYWVsLWl0ZW0tbWF5YmUtbGlua1wiPiA8c3BhbiBjbGFzcz1cImZnLWl0ZW0taWNvbi1pbm5lclwiPjxpIGNsYXNzPVwiZmFzIGZhLWxpbmtcIiBhcmlhLWhpZGRlbj1cInRydWVcIj48XC9pPjxcL3NwYW4+PFwvYT48XC9kaXY+PFwvZGl2PjxcL2Rpdj48XC9kaXY+PFwvZGl2PiIsIjxkaXYgY2xhc3M9XCJlYWVsLWZpbHRlcmFibGUtZ2FsbGVyeS1pdGVtLXdyYXBcIj5cblx0XHRcdFx0PGRpdiBjbGFzcz1cImVhZWwtZ2FsbGVyeS1ncmlkLWl0ZW1cIj48ZGl2IGNsYXNzPVwiZ2FsbGVyeS1pdGVtLXRodW1ibmFpbC13cmFwXCI+PGltZyBzcmM9XCJodHRwczpcL1wvcm91bmQxMy5vbmxpbmVcL3dwLWNvbnRlbnRcL3VwbG9hZHNcLzIwMjVcLzAyXC8yMS53ZWJwXCIgZGF0YS1sYXp5LXNyYz1cImh0dHBzOlwvXC9yb3VuZDEzLm9ubGluZVwvd3AtY29udGVudFwvdXBsb2Fkc1wvMjAyNVwvMDJcLzIxLndlYnBcIiBhbHQ9XCJQbGFuIGRlIGFsaW1lbnRhY2lcdTAwZjNuXCIgY2xhc3M9XCJnYWxsZXJ5LWl0ZW0tdGh1bWJuYWlsXCI+PFwvZGl2PjxkaXYgY2xhc3M9XCJnYWxsZXJ5LWl0ZW0tY2FwdGlvbi13cmFwIGNhcHRpb24tc3R5bGUtaG92ZXJlciBlYWVsLXNsaWRlLXVwXCI+PGRpdiBjbGFzcz1cImdhbGxlcnktaXRlbS1ob3ZlcmVyLWJnXCI+PFwvZGl2PjxkaXYgY2xhc3M9XCJnYWxsZXJ5LWl0ZW0tY2FwdGlvbi1vdmVyXCI+PGgyIGNsYXNzPVwiZmctaXRlbS10aXRsZVwiPlBsYW4gZGUgYWxpbWVudGFjaVx1MDBmM248XC9oMj48ZGl2IGNsYXNzPVwiZmctaXRlbS1jb250ZW50XCI+PHA+RXN0ZSBwbGFuIGRlIGFsaW1lbnRhY2lcdTAwZjNuIHRlIGVuc2VcdTAwZjFhclx1MDBlMSBhIGFsaW1lbnRhcnRlIGRlIGZvcm1hIGNvbnNjaWVudGUsIGVudGVuZGVyXHUwMGUxcyBlbCBwb3JxdWUgY29tZXMgbG8gcXVlIGNvbWVzIHNpbiBoYWNlciBkaWV0YXMgYWJ1cnJpZGFzIHkgc2luIHNlbnRpZG8uPFwvcD5cbjxcL2Rpdj48ZGl2IGNsYXNzPVwiZ2FsbGVyeS1pdGVtLWJ1dHRvbnNcIj4gICAgICAgICAgICAgICAgPGEgaHJlZj1cImh0dHBzOlwvXC9ob3RtYXJ0LmNvbVwvZXNcL21hcmtldHBsYWNlXC9wcm9kdWN0b3NcL3BsYW4tZGUtYWxpbWVudGFjaW9uLXUyOXNwXC9QNzc1MTQxNjJHP3Njaz1IT1RNQVJUX1NJVEUmIzAzODtzZWFyY2g9MDAyMjJhYjQtNjllMC00MmQ0LWE0MTctZTUxMzI1ZTVhZGI0JiMwMzg7aG90ZmVhdHVyZT0zM1wiIGFyaWEtbGFiZWw9XCJlYWVsLWl0ZW0tbWF5YmUtbGlua1wiPiA8c3BhbiBjbGFzcz1cImZnLWl0ZW0taWNvbi1pbm5lclwiPjxpIGNsYXNzPVwiZmFzIGZhLWxpbmtcIiBhcmlhLWhpZGRlbj1cInRydWVcIj48XC9pPjxcL3NwYW4+PFwvYT48XC9kaXY+PFwvZGl2PjxcL2Rpdj48XC9kaXY+PFwvZGl2PiJd\" data-init-show=\"6\">\n            <div class=\"eael-filterable-gallery-item-wrap\">\n\t\t\t\t<div class=\"eael-gallery-grid-item\"><div class=\"gallery-item-thumbnail-wrap\"><img decoding=\"async\" src=\"data:image\/gif;base64,R0lGODlhAQABAIAAAAAAAP\/\/\/yH5BAEAAAAALAAAAAABAAEAAAIBRAA7\" data-src=\"https:\/\/round13.online\/wp-content\/uploads\/2025\/02\/Reto30.webp\" data-lazy-src=\"https:\/\/round13.online\/wp-content\/uploads\/2025\/02\/Reto30.webp\" alt=\"Reto 30 d\u00edas\" class=\"gallery-item-thumbnail lazyload\"><noscript><img decoding=\"async\" src=\"https:\/\/round13.online\/wp-content\/uploads\/2025\/02\/Reto30.webp\" data-lazy-src=\"https:\/\/round13.online\/wp-content\/uploads\/2025\/02\/Reto30.webp\" alt=\"Reto 30 d\u00edas\" class=\"gallery-item-thumbnail lazyload\"><\/noscript><\/div><div class=\"gallery-item-caption-wrap caption-style-hoverer eael-slide-up\"><div class=\"gallery-item-hoverer-bg\"><\/div><div class=\"gallery-item-caption-over\"><h2 class=\"fg-item-title\">Reto 30 d\u00edas<\/h2><div class=\"fg-item-content\"><p>Descubre el poder del boxeo funcional con un programa dise\u00f1ado para ayudarte a quemar calor\u00edas, ganar fuerza y mejorar tu bienestar.<\/p>\n<\/div><div class=\"gallery-item-buttons\">                <a href=\"https:\/\/hotmart.com\/es\/marketplace\/productos\/hagsxd-reto-30-dias-paaj2\/R97835268O?sck=HOTMART_SITE&#038;search=00a1e2ca-fc13-4e27-abe2-9100cffc2808&#038;hotfeature=33\" aria-label=\"eael-item-maybe-link\"> <span class=\"fg-item-icon-inner\"><i class=\"fas fa-link\" aria-hidden=\"true\"><\/i><\/span><\/a><\/div><\/div><\/div><\/div><\/div><div class=\"eael-filterable-gallery-item-wrap\">\n\t\t\t\t<div class=\"eael-gallery-grid-item\"><div class=\"gallery-item-thumbnail-wrap\"><img decoding=\"async\" src=\"data:image\/gif;base64,R0lGODlhAQABAIAAAAAAAP\/\/\/yH5BAEAAAAALAAAAAABAAEAAAIBRAA7\" data-src=\"https:\/\/round13.online\/wp-content\/uploads\/2025\/02\/RETO13DASHOTMART.webp\" data-lazy-src=\"https:\/\/round13.online\/wp-content\/uploads\/2025\/02\/RETO13DASHOTMART.webp\" alt=\"Reto 13 d\u00edas\" class=\"gallery-item-thumbnail lazyload\"><noscript><img decoding=\"async\" src=\"https:\/\/round13.online\/wp-content\/uploads\/2025\/02\/RETO13DASHOTMART.webp\" data-lazy-src=\"https:\/\/round13.online\/wp-content\/uploads\/2025\/02\/RETO13DASHOTMART.webp\" alt=\"Reto 13 d\u00edas\" class=\"gallery-item-thumbnail lazyload\"><\/noscript><\/div><div class=\"gallery-item-caption-wrap caption-style-hoverer eael-slide-up\"><div class=\"gallery-item-hoverer-bg\"><\/div><div class=\"gallery-item-caption-over\"><h2 class=\"fg-item-title\">Reto 13 d\u00edas<\/h2><div class=\"fg-item-content\"><p>13 d\u00edas intensos que transformar\u00e1n tu cuerpo con rutinas de boxeo funcional utilizando solo tu propio peso corporal, Jhonatan molina fundador de Round 13 ser\u00e1 tu entreandor.<\/p>\n<\/div><div class=\"gallery-item-buttons\">                <a href=\"https:\/\/hotmart.com\/es\/marketplace\/productos\/reto-13-dias\/C77407613D?sck=HOTMART_SITE&#038;search=00222ab4-69e0-42d4-a417-e51325e5adb4&#038;hotfeature=33\" aria-label=\"eael-item-maybe-link\"> <span class=\"fg-item-icon-inner\"><i class=\"fas fa-link\" aria-hidden=\"true\"><\/i><\/span><\/a><\/div><\/div><\/div><\/div><\/div><div class=\"eael-filterable-gallery-item-wrap\">\n\t\t\t\t<div class=\"eael-gallery-grid-item\"><div class=\"gallery-item-thumbnail-wrap\"><img decoding=\"async\" src=\"data:image\/gif;base64,R0lGODlhAQABAIAAAAAAAP\/\/\/yH5BAEAAAAALAAAAAABAAEAAAIBRAA7\" data-src=\"https:\/\/round13.online\/wp-content\/uploads\/2025\/02\/Boxeoenelsaco.webp\" data-lazy-src=\"https:\/\/round13.online\/wp-content\/uploads\/2025\/02\/Boxeoenelsaco.webp\" alt=\"Boxeo en el saco para perder peso\" class=\"gallery-item-thumbnail lazyload\"><noscript><img decoding=\"async\" src=\"https:\/\/round13.online\/wp-content\/uploads\/2025\/02\/Boxeoenelsaco.webp\" data-lazy-src=\"https:\/\/round13.online\/wp-content\/uploads\/2025\/02\/Boxeoenelsaco.webp\" alt=\"Boxeo en el saco para perder peso\" class=\"gallery-item-thumbnail lazyload\"><\/noscript><\/div><div class=\"gallery-item-caption-wrap caption-style-hoverer eael-slide-up\"><div class=\"gallery-item-hoverer-bg\"><\/div><div class=\"gallery-item-caption-over\"><h2 class=\"fg-item-title\">Boxeo en el saco para perder peso<\/h2><div class=\"fg-item-content\"><p>Lleva tu entrenamiento al siguiente nivel y quema grasa mientras mejoras tu t\u00e9cnica en el saco de boxeo. Este programa online te ense\u00f1ar\u00e1 desde c\u00f3mo elegir el saco adecuado hasta rutinas avanzadas de p\u00e9rdida de peso y resistencia.<\/p>\n<\/div><div class=\"gallery-item-buttons\">                <a href=\"https:\/\/hotmart.com\/es\/marketplace\/productos\/boxeo-en-el-saco\/M97836105E?sck=HOTMART_SITE&#038;search=00222ab4-69e0-42d4-a417-e51325e5adb4&#038;hotfeature=33\" aria-label=\"eael-item-maybe-link\"> <span class=\"fg-item-icon-inner\"><i class=\"fas fa-link\" aria-hidden=\"true\"><\/i><\/span><\/a><\/div><\/div><\/div><\/div><\/div><div class=\"eael-filterable-gallery-item-wrap\">\n\t\t\t\t<div class=\"eael-gallery-grid-item\"><div class=\"gallery-item-thumbnail-wrap\"><img decoding=\"async\" src=\"data:image\/gif;base64,R0lGODlhAQABAIAAAAAAAP\/\/\/yH5BAEAAAAALAAAAAABAAEAAAIBRAA7\" data-src=\"https:\/\/round13.online\/wp-content\/uploads\/2025\/02\/Logo360fullcolor.webp\" data-lazy-src=\"https:\/\/round13.online\/wp-content\/uploads\/2025\/02\/Logo360fullcolor.webp\" alt=\"Especializaci\u00f3n en boxeo para entrenadores\" class=\"gallery-item-thumbnail lazyload\"><noscript><img decoding=\"async\" src=\"https:\/\/round13.online\/wp-content\/uploads\/2025\/02\/Logo360fullcolor.webp\" data-lazy-src=\"https:\/\/round13.online\/wp-content\/uploads\/2025\/02\/Logo360fullcolor.webp\" alt=\"Especializaci\u00f3n en boxeo para entrenadores\" class=\"gallery-item-thumbnail lazyload\"><\/noscript><\/div><div class=\"gallery-item-caption-wrap caption-style-hoverer eael-slide-up\"><div class=\"gallery-item-hoverer-bg\"><\/div><div class=\"gallery-item-caption-over\"><h2 class=\"fg-item-title\">Especializaci\u00f3n en boxeo para entrenadores<\/h2><div class=\"fg-item-content\"><p>En boxeo 360\u00b0 vas a aprender desde 0 y paso a paso las bases del boxeo para ofrecer rutinas innovadoras a tu usuarios y as\u00ed atraer nuevos clientes. Jhonatan Molina entrenador con m\u00e1s de 12 a\u00f1os de experiencia y fundador de Roun13 la comunidad de boxeo m\u00e1s grande en Colombia, te guiar\u00e1 en el proceso.<\/p>\n<\/div><div class=\"gallery-item-buttons\">                <a href=\"https:\/\/hotmart.com\/es\/marketplace\/productos\/especializacion-en-boxeo-para-entrenadores-personales\/X95792293O?sck=HOTMART_SITE&#038;search=00222ab4-69e0-42d4-a417-e51325e5adb4&#038;hotfeature=33\" aria-label=\"eael-item-maybe-link\"> <span class=\"fg-item-icon-inner\"><i class=\"fas fa-link\" aria-hidden=\"true\"><\/i><\/span><\/a><\/div><\/div><\/div><\/div><\/div><div class=\"eael-filterable-gallery-item-wrap\">\n\t\t\t\t<div class=\"eael-gallery-grid-item\"><div class=\"gallery-item-thumbnail-wrap\"><img decoding=\"async\" src=\"data:image\/gif;base64,R0lGODlhAQABAIAAAAAAAP\/\/\/yH5BAEAAAAALAAAAAABAAEAAAIBRAA7\" data-src=\"https:\/\/round13.online\/wp-content\/uploads\/2025\/02\/21.webp\" data-lazy-src=\"https:\/\/round13.online\/wp-content\/uploads\/2025\/02\/21.webp\" alt=\"Plan de alimentaci\u00f3n\" class=\"gallery-item-thumbnail lazyload\"><noscript><img decoding=\"async\" src=\"https:\/\/round13.online\/wp-content\/uploads\/2025\/02\/21.webp\" data-lazy-src=\"https:\/\/round13.online\/wp-content\/uploads\/2025\/02\/21.webp\" alt=\"Plan de alimentaci\u00f3n\" class=\"gallery-item-thumbnail lazyload\"><\/noscript><\/div><div class=\"gallery-item-caption-wrap caption-style-hoverer eael-slide-up\"><div class=\"gallery-item-hoverer-bg\"><\/div><div class=\"gallery-item-caption-over\"><h2 class=\"fg-item-title\">Plan de alimentaci\u00f3n<\/h2><div class=\"fg-item-content\"><p>Este plan de alimentaci\u00f3n te ense\u00f1ar\u00e1 a alimentarte de forma consciente, entender\u00e1s el porque comes lo que comes sin hacer dietas aburridas y sin sentido.<\/p>\n<\/div><div class=\"gallery-item-buttons\">                <a href=\"https:\/\/hotmart.com\/es\/marketplace\/productos\/plan-de-alimentacion-u29sp\/P77514162G?sck=HOTMART_SITE&#038;search=00222ab4-69e0-42d4-a417-e51325e5adb4&#038;hotfeature=33\" aria-label=\"eael-item-maybe-link\"> <span class=\"fg-item-icon-inner\"><i class=\"fas fa-link\" aria-hidden=\"true\"><\/i><\/span><\/a><\/div><\/div><\/div><\/div><\/div>        <\/div>\n                <\/div>\n        \n        \t\t\t\t<\/div>\n\t\t\t\t<\/div>\n\t\t\t\t\t<\/div>\n\t\t\t\t<\/div>\n\t\t\t\t<\/div>","protected":false},"excerpt":{"rendered":"<p>Todo Reto 30 d\u00edas Descubre el poder del boxeo funcional con un programa dise\u00f1ado para ayudarte a quemar calor\u00edas, ganar fuerza y mejorar tu bienestar. Reto 13 d\u00edas 13 d\u00edas intensos que transformar\u00e1n tu cuerpo con rutinas de boxeo funcional utilizando solo tu propio peso corporal, Jhonatan molina fundador de Round 13 ser\u00e1 tu entreandor. Boxeo en el saco para perder peso Lleva tu entrenamiento al siguiente nivel y quema grasa mientras mejoras tu t\u00e9cnica en el saco de boxeo. Este programa online te ense\u00f1ar\u00e1 desde c\u00f3mo elegir el saco adecuado hasta rutinas avanzadas de p\u00e9rdida de peso y resistencia. Especializaci\u00f3n en boxeo para entrenadores En boxeo 360\u00b0 vas a aprender desde 0 y paso a paso las bases del boxeo para ofrecer rutinas innovadoras a tu usuarios y as\u00ed atraer nuevos clientes. Jhonatan Molina entrenador con m\u00e1s de 12 a\u00f1os de experiencia y fundador de Roun13 la comunidad de boxeo m\u00e1s grande en Colombia, te guiar\u00e1 en el proceso. Plan de alimentaci\u00f3n Este plan de alimentaci\u00f3n te ense\u00f1ar\u00e1 a alimentarte de forma consciente, entender\u00e1s el porque comes lo que comes sin hacer dietas aburridas y sin sentido.<\/p>","protected":false},"author":1,"featured_media":0,"parent":0,"menu_order":0,"comment_status":"closed","ping_status":"closed","template":"","meta":{"_uag_custom_page_level_css":"","site-sidebar-layout":"no-sidebar","site-content-layout":"","ast-site-content-layout":"full-width-container","site-content-style":"default","site-sidebar-style":"default","ast-global-header-display":"","ast-banner-title-visibility":"","ast-main-header-display":"","ast-hfb-above-header-display":"","ast-hfb-below-header-display":"","ast-hfb-mobile-header-display":"","site-post-title":"disabled","ast-breadcrumbs-content":"","ast-featured-img":"disabled","footer-sml-layout":"","ast-disable-related-posts":"","theme-transparent-header-meta":"","adv-header-id-meta":"","stick-header-meta":"","header-above-stick-meta":"","header-main-stick-meta":"","header-below-stick-meta":"","astra-migrate-meta-layouts":"default","ast-page-background-enabled":"default","ast-page-background-meta":{"desktop":{"background-color":"var(--ast-global-color-4)","background-image":"","background-repeat":"repeat","background-position":"center center","background-size":"auto","background-attachment":"scroll","background-type":"","background-media":"","overlay-type":"","overlay-color":"","overlay-opacity":"","overlay-gradient":""},"tablet":{"background-color":"","background-image":"","background-repeat":"repeat","background-position":"center center","background-size":"auto","background-attachment":"scroll","background-type":"","background-media":"","overlay-type":"","overlay-color":"","overlay-opacity":"","overlay-gradient":""},"mobile":{"background-color":"","background-image":"","background-repeat":"repeat","background-position":"center center","background-size":"auto","background-attachment":"scroll","background-type":"","background-media":"","overlay-type":"","overlay-color":"","overlay-opacity":"","overlay-gradient":""}},"ast-content-background-meta":{"desktop":{"background-color":"var(--ast-global-color-5)","background-image":"","background-repeat":"repeat","background-position":"center center","background-size":"auto","background-attachment":"scroll","background-type":"","background-media":"","overlay-type":"","overlay-color":"","overlay-opacity":"","overlay-gradient":""},"tablet":{"background-color":"var(--ast-global-color-5)","background-image":"","background-repeat":"repeat","background-position":"center center","background-size":"auto","background-attachment":"scroll","background-type":"","background-media":"","overlay-type":"","overlay-color":"","overlay-opacity":"","overlay-gradient":""},"mobile":{"background-color":"var(--ast-global-color-5)","background-image":"","background-repeat":"repeat","background-position":"center center","background-size":"auto","background-attachment":"scroll","background-type":"","background-media":"","overlay-type":"","overlay-color":"","overlay-opacity":"","overlay-gradient":""}},"footnotes":""},"class_list":["post-689","page","type-page","status-publish","hentry"],"uagb_featured_image_src":{"full":false,"thumbnail":false,"medium":false,"medium_large":false,"large":false,"1536x1536":false,"2048x2048":false,"trp-custom-language-flag":false,"woocommerce_thumbnail":false,"woocommerce_single":false,"woocommerce_gallery_thumbnail":false,"variation_swatches_image_size":false,"variation_swatches_tooltip_size":false,"quick_view_image_size":false},"uagb_author_info":{"display_name":"Darwith","author_link":"https:\/\/round13.online\/en\/author\/darwith92gmail-com\/"},"uagb_comment_info":0,"uagb_excerpt":"Todo Reto 30 d\u00edas Descubre el poder del boxeo funcional con un programa dise\u00f1ado para ayudarte a quemar calor\u00edas, ganar fuerza y mejorar tu bienestar. Reto 13 d\u00edas 13 d\u00edas intensos que transformar\u00e1n tu cuerpo con rutinas de boxeo funcional utilizando solo tu propio peso corporal, Jhonatan molina fundador de Round 13 ser\u00e1 tu entreandor.&hellip;","jetpack_sharing_enabled":true,"_links":{"self":[{"href":"https:\/\/round13.online\/en\/wp-json\/wp\/v2\/pages\/689","targetHints":{"allow":["GET"]}}],"collection":[{"href":"https:\/\/round13.online\/en\/wp-json\/wp\/v2\/pages"}],"about":[{"href":"https:\/\/round13.online\/en\/wp-json\/wp\/v2\/types\/page"}],"author":[{"embeddable":true,"href":"https:\/\/round13.online\/en\/wp-json\/wp\/v2\/users\/1"}],"replies":[{"embeddable":true,"href":"https:\/\/round13.online\/en\/wp-json\/wp\/v2\/comments?post=689"}],"version-history":[{"count":10,"href":"https:\/\/round13.online\/en\/wp-json\/wp\/v2\/pages\/689\/revisions"}],"predecessor-version":[{"id":710,"href":"https:\/\/round13.online\/en\/wp-json\/wp\/v2\/pages\/689\/revisions\/710"}],"wp:attachment":[{"href":"https:\/\/round13.online\/en\/wp-json\/wp\/v2\/media?parent=689"}],"curies":[{"name":"wp","href":"https:\/\/api.w.org\/{rel}","templated":true}]}}