{"id":662,"date":"2024-12-22T16:18:11","date_gmt":"2024-12-22T16:18:11","guid":{"rendered":"https:\/\/round13.online\/?post_type=product&#038;p=662"},"modified":"2024-12-22T16:20:48","modified_gmt":"2024-12-22T16:20:48","slug":"desafio-boxeador","status":"publish","type":"product","link":"https:\/\/round13.online\/en\/product\/desafio-boxeador\/","title":{"rendered":"DESAF\u00cdO BOXEADOR \ud83c\udfc6"},"content":{"rendered":"<p>\ud83e\uddd8\ud83c\udffd\u200d\u2642| Pierde peso y mejora tu fuerza<br \/>\ndesde casa<br \/>\n\ud83d\udcf2|100% online<br \/>\n\ud83c\udfc3\ud83c\udffd\u200d\u2642| Programa de entrenamiento h\u00edbrido<br \/>\n\ud83e\udd77\ud83c\udffd|Preparaci\u00f3n f\u00edsica de 30 d\u00edas<br \/>\n\ud83e\udec0| Calistenia en casa<br \/>\n\ud83d\udcd3|Contenido: Programa de entrenamiento\/ gu\u00eda de alimentaci\u00f3n b\u00e1sica\/h\u00e1bitos saludables<br \/>\n\u270d\ud83c\udffd|Descripci\u00f3n: programa de calistenia para boxeadores con el propio peso corporal, pierde peso r\u00e1pidamente, gana resistencia muscular y tonifica todo tu cuerpo con ejercicios dise\u00f1ados para hacer en casa o al aire libre.<br \/>\n\ud83d\udc68\ud83c\udffd\u200d\ud83d\udcbb|Soporte: comunidad\u00a0en\u00a0wpp<\/p>","protected":false},"excerpt":{"rendered":"<p>\ud83e\uddd8\ud83c\udffd\u200d\u2642| Pierde peso y mejora tu fuerza desde casa \ud83d\udcf2|100% online \ud83c\udfc3\ud83c\udffd\u200d\u2642| Programa de entrenamiento h\u00edbrido \ud83e\udd77\ud83c\udffd|Preparaci\u00f3n f\u00edsica de 30 d\u00edas \ud83e\udec0| Calistenia en casa \ud83d\udcd3|Contenido: Programa de entrenamiento\/ gu\u00eda de alimentaci\u00f3n b\u00e1sica\/h\u00e1bitos saludables \u270d\ud83c\udffd|Descripci\u00f3n: programa de calistenia para boxeadores con el propio peso corporal, pierde peso r\u00e1pidamente, gana resistencia muscular y tonifica todo tu cuerpo con ejercicios dise\u00f1ados para hacer en casa o al aire libre. \ud83d\udc68\ud83c\udffd\u200d\ud83d\udcbb|Soporte: comunidad\u00a0en\u00a0wpp<\/p>","protected":false},"featured_media":0,"comment_status":"open","ping_status":"closed","template":"","meta":{"_uag_custom_page_level_css":"","site-sidebar-layout":"default","site-content-layout":"","ast-site-content-layout":"default","site-content-style":"default","site-sidebar-style":"default","ast-global-header-display":"","ast-banner-title-visibility":"","ast-main-header-display":"","ast-hfb-above-header-display":"","ast-hfb-below-header-display":"","ast-hfb-mobile-header-display":"","site-post-title":"","ast-breadcrumbs-content":"","ast-featured-img":"","footer-sml-layout":"","ast-disable-related-posts":"","theme-transparent-header-meta":"default","adv-header-id-meta":"","stick-header-meta":"","header-above-stick-meta":"","header-main-stick-meta":"","header-below-stick-meta":"","astra-migrate-meta-layouts":"set","ast-page-background-enabled":"default","ast-page-background-meta":{"desktop":{"background-color":"var(--ast-global-color-4)","background-image":"","background-repeat":"repeat","background-position":"center center","background-size":"auto","background-attachment":"scroll","background-type":"","background-media":"","overlay-type":"","overlay-color":"","overlay-opacity":"","overlay-gradient":""},"tablet":{"background-color":"","background-image":"","background-repeat":"repeat","background-position":"center center","background-size":"auto","background-attachment":"scroll","background-type":"","background-media":"","overlay-type":"","overlay-color":"","overlay-opacity":"","overlay-gradient":""},"mobile":{"background-color":"","background-image":"","background-repeat":"repeat","background-position":"center center","background-size":"auto","background-attachment":"scroll","background-type":"","background-media":"","overlay-type":"","overlay-color":"","overlay-opacity":"","overlay-gradient":""}},"ast-content-background-meta":{"desktop":{"background-color":"var(--ast-global-color-5)","background-image":"","background-repeat":"repeat","background-position":"center center","background-size":"auto","background-attachment":"scroll","background-type":"","background-media":"","overlay-type":"","overlay-color":"","overlay-opacity":"","overlay-gradient":""},"tablet":{"background-color":"var(--ast-global-color-5)","background-image":"","background-repeat":"repeat","background-position":"center center","background-size":"auto","background-attachment":"scroll","background-type":"","background-media":"","overlay-type":"","overlay-color":"","overlay-opacity":"","overlay-gradient":""},"mobile":{"background-color":"var(--ast-global-color-5)","background-image":"","background-repeat":"repeat","background-position":"center center","background-size":"auto","background-attachment":"scroll","background-type":"","background-media":"","overlay-type":"","overlay-color":"","overlay-opacity":"","overlay-gradient":""}}},"product_brand":[],"product_cat":[22],"product_tag":[],"class_list":{"0":"post-662","1":"product","2":"type-product","3":"status-publish","5":"product_cat-sin-categorizar","6":"desktop-align-left","7":"tablet-align-left","8":"mobile-align-left","10":"first","11":"instock","12":"virtual","13":"taxable","14":"purchasable","15":"product-type-simple"},"uagb_featured_image_src":{"full":false,"thumbnail":false,"medium":false,"medium_large":false,"large":false,"1536x1536":false,"2048x2048":false,"trp-custom-language-flag":false,"woocommerce_thumbnail":false,"woocommerce_single":false,"woocommerce_gallery_thumbnail":false,"variation_swatches_image_size":false,"variation_swatches_tooltip_size":false,"quick_view_image_size":false},"uagb_author_info":{"display_name":"Darwith","author_link":"https:\/\/round13.online\/en\/author\/"},"uagb_comment_info":0,"uagb_excerpt":"\ud83e\uddd8\ud83c\udffd\u200d\u2642| Pierde peso y mejora tu fuerza desde casa \ud83d\udcf2|100% online \ud83c\udfc3\ud83c\udffd\u200d\u2642| Programa de entrenamiento h\u00edbrido \ud83e\udd77\ud83c\udffd|Preparaci\u00f3n f\u00edsica de 30 d\u00edas \ud83e\udec0| Calistenia en casa \ud83d\udcd3|Contenido: Programa de entrenamiento\/ gu\u00eda de alimentaci\u00f3n b\u00e1sica\/h\u00e1bitos saludables \u270d\ud83c\udffd|Descripci\u00f3n: programa de calistenia para boxeadores con el propio peso corporal, pierde peso r\u00e1pidamente, gana resistencia muscular y tonifica todo tu&hellip;","jetpack_sharing_enabled":true,"_links":{"self":[{"href":"https:\/\/round13.online\/en\/wp-json\/wp\/v2\/product\/662","targetHints":{"allow":["GET"]}}],"collection":[{"href":"https:\/\/round13.online\/en\/wp-json\/wp\/v2\/product"}],"about":[{"href":"https:\/\/round13.online\/en\/wp-json\/wp\/v2\/types\/product"}],"replies":[{"embeddable":true,"href":"https:\/\/round13.online\/en\/wp-json\/wp\/v2\/comments?post=662"}],"wp:attachment":[{"href":"https:\/\/round13.online\/en\/wp-json\/wp\/v2\/media?parent=662"}],"wp:term":[{"taxonomy":"product_brand","embeddable":true,"href":"https:\/\/round13.online\/en\/wp-json\/wp\/v2\/product_brand?post=662"},{"taxonomy":"product_cat","embeddable":true,"href":"https:\/\/round13.online\/en\/wp-json\/wp\/v2\/product_cat?post=662"},{"taxonomy":"product_tag","embeddable":true,"href":"https:\/\/round13.online\/en\/wp-json\/wp\/v2\/product_tag?post=662"}],"curies":[{"name":"wp","href":"https:\/\/api.w.org\/{rel}","templated":true}]}}